{"id":21053,"date":"2020-12-29T09:09:51","date_gmt":"2020-12-29T08:09:51","guid":{"rendered":"https:\/\/www.paulinaschulz.com\/index.php\/acerca-de\/"},"modified":"2025-02-18T10:15:23","modified_gmt":"2025-02-18T09:15:23","slug":"quienes-somos","status":"publish","type":"page","link":"https:\/\/iconestate.es\/es\/quienes-somos\/","title":{"rendered":"Sobre nosotros"},"content":{"rendered":"\t\t<div data-elementor-type=\"wp-page\" data-elementor-id=\"21053\" class=\"elementor elementor-21053 elementor-16650\" data-elementor-post-type=\"page\">\n\t\t\t\t\t\t<section class=\"elementor-section elementor-top-section elementor-element elementor-element-5b81e21 elementor-section-height-min-height animated-slow elementor-section-boxed elementor-section-height-default elementor-section-items-middle elementor-invisible\" data-id=\"5b81e21\" data-element_type=\"section\" data-e-type=\"section\" data-settings=\"{&quot;background_background&quot;:&quot;classic&quot;,&quot;animation&quot;:&quot;fadeIn&quot;}\">\n\t\t\t\t\t\t\t<div class=\"elementor-background-overlay\"><\/div>\n\t\t\t\t\t\t\t<div class=\"elementor-container elementor-column-gap-default\">\n\t\t\t\t\t<div class=\"elementor-column elementor-col-100 elementor-top-column elementor-element elementor-element-ad367f8\" data-id=\"ad367f8\" data-element_type=\"column\" data-e-type=\"column\">\n\t\t\t<div class=\"elementor-widget-wrap elementor-element-populated\">\n\t\t\t\t\t\t<div class=\"elementor-element elementor-element-0e7939f elementor-widget elementor-widget-heading\" data-id=\"0e7939f\" data-element_type=\"widget\" data-e-type=\"widget\" data-widget_type=\"heading.default\">\n\t\t\t\t<div class=\"elementor-widget-container\">\n\t\t\t\t\t<h1 class=\"elementor-heading-title elementor-size-default\">Sobre nosotros <\/h1>\t\t\t\t<\/div>\n\t\t\t\t<\/div>\n\t\t\t\t\t<\/div>\n\t\t<\/div>\n\t\t\t\t\t<\/div>\n\t\t<\/section>\n\t\t\t\t<section class=\"elementor-section elementor-top-section elementor-element elementor-element-3fdda47 elementor-section-boxed elementor-section-height-default elementor-section-height-default\" data-id=\"3fdda47\" data-element_type=\"section\" data-e-type=\"section\">\n\t\t\t\t\t\t<div class=\"elementor-container elementor-column-gap-default\">\n\t\t\t\t\t<div class=\"elementor-column elementor-col-33 elementor-top-column elementor-element elementor-element-9b8f691\" data-id=\"9b8f691\" data-element_type=\"column\" data-e-type=\"column\">\n\t\t\t<div class=\"elementor-widget-wrap elementor-element-populated\">\n\t\t\t\t\t\t<div class=\"elementor-element elementor-element-2e56536 elementor-widget elementor-widget-image\" data-id=\"2e56536\" data-element_type=\"widget\" data-e-type=\"widget\" data-widget_type=\"image.default\">\n\t\t\t\t<div class=\"elementor-widget-container\">\n\t\t\t\t\t\t\t\t\t\t\t\t\t\t\t<img fetchpriority=\"high\" decoding=\"async\" width=\"910\" height=\"910\" src=\"https:\/\/iconestate.es\/wp-content\/uploads\/2021\/01\/about_us_photo2x-square.jpg\" class=\"attachment-large size-large wp-image-22552\" alt=\"\" srcset=\"https:\/\/iconestate.es\/wp-content\/uploads\/2021\/01\/about_us_photo2x-square.jpg 910w, https:\/\/iconestate.es\/wp-content\/uploads\/2021\/01\/about_us_photo2x-square-300x300.jpg 300w, https:\/\/iconestate.es\/wp-content\/uploads\/2021\/01\/about_us_photo2x-square-150x150.jpg 150w, https:\/\/iconestate.es\/wp-content\/uploads\/2021\/01\/about_us_photo2x-square-768x768.jpg 768w, https:\/\/iconestate.es\/wp-content\/uploads\/2021\/01\/about_us_photo2x-square-780x780.jpg 780w, https:\/\/iconestate.es\/wp-content\/uploads\/2021\/01\/about_us_photo2x-square-600x600.jpg 600w, https:\/\/iconestate.es\/wp-content\/uploads\/2021\/01\/about_us_photo2x-square-496x496.jpg 496w\" sizes=\"(max-width: 910px) 100vw, 910px\" \/>\t\t\t\t\t\t\t\t\t\t\t\t\t\t\t<\/div>\n\t\t\t\t<\/div>\n\t\t\t\t\t<\/div>\n\t\t<\/div>\n\t\t\t\t<div class=\"elementor-column elementor-col-66 elementor-top-column elementor-element elementor-element-fe7fbe9\" data-id=\"fe7fbe9\" data-element_type=\"column\" data-e-type=\"column\">\n\t\t\t<div class=\"elementor-widget-wrap elementor-element-populated\">\n\t\t\t\t\t\t<div class=\"elementor-element elementor-element-551cc28 elementor-widget elementor-widget-text-editor\" data-id=\"551cc28\" data-element_type=\"widget\" data-e-type=\"widget\" data-widget_type=\"text-editor.default\">\n\t\t\t\t<div class=\"elementor-widget-container\">\n\t\t\t\t\t\t\t\t\t<p><strong>\u00a0<\/strong><\/p><h2>Sobre nosotros<\/h2><p class=\"p1\">ICON ESTATE EST.2008 es una empresa inmobiliaria finlandesa de hoy en d\u00eda, especializada en el mercado inmobiliario n\u00f3rdico en Espa\u00f1a desde 2008.<\/p><p>Desde hace m\u00e1s de 15 a\u00f1os ayudando a las personas a comprar o vender su vivienda vacacional, permanente o de inversi\u00f3n, ofreciendo a nuestros clientes un servicio personalizado y seguro con a\u00f1os de experiencia. No vendemos solo propiedades, vendemos sue\u00f1os y servicios.<\/p><p>Nuestra oficina est\u00e1 ubicada en Los Pacos, Fuengirola, justo en el coraz\u00f3n de la Costa del Sol de Andaluc\u00eda. Disponemos una gran variedad de propiedades desde estudios hasta villas de lujo, nuevas promociones y propiedades sobre plano en toda la Costa del Sol. ICON ESTATE es el miembro de Resales-Online, la red de agentes m\u00e1s grande de Espa\u00f1a. Actualmente hay m\u00e1s de 1000 miembros trabajando juntos para vender o encontrar su futuro hogar. El mejor marketing para nosotros es la opini\u00f3n y recomendaci\u00f3n de nuestros clientes a los dem\u00e1s. Para nosotros el resultado final es tan importante como el primer contacto y no hay nada m\u00e1s gratificante que satisfacer las necesidades de nuestros clientes.<\/p><p>Nuestra oficina tiene su sede en Los Pacos, Fuengirola, justo en el coraz\u00f3n de la Costa del Sol de Andaluc\u00eda. Tenemos una excelente selecci\u00f3n de propiedades, desde estudios hasta villas de lujo, nuevos desarrollos y propiedades en plano en toda la Costa del sol. Inmobiliaria ICON ESTATE es miembro de la mayor red de agentes de Multi Listing Service en Espa\u00f1a \u201cResales- Online\u201d. Actualmente m\u00e1s de 1000 miembros, colaborando en la venta o b\u00fasqueda de su futuro hogar.<\/p><p>Inmobiliaria ICON ESTATE asesoramos y orientamos a nuestros clientes durante y despu\u00e9s de la venta, o alquiler, incluso a\u00f1os despu\u00e9s. Trabajamos en estrecha colaboraci\u00f3n con abogados, notarios, promotores y administradores de propiedades en el proceso de compra, construcci\u00f3n o venta de una propiedad en Espa\u00f1a, para garantizar que todos los requisitos legales y financieros de nuestros clientes se traten de manera profesional.<\/p><p>Nuestro equipo est\u00e1 a su servicio si tiene alguna pregunta. Contamos con personal esperando para atenderle en espa\u00f1ol, ingl\u00e9s, finland\u00e9s u opcionalmente en cualquiera de los idiomas escandinavos. Si lo encuentra en la zona de Fuengirola, por favor vis\u00edtenos en nuestra oficina en Los Pacos y le atenderemos personalmente.<\/p>\t\t\t\t\t\t\t\t<\/div>\n\t\t\t\t<\/div>\n\t\t\t\t\t<\/div>\n\t\t<\/div>\n\t\t\t\t\t<\/div>\n\t\t<\/section>\n\t\t\t\t<section class=\"elementor-section elementor-top-section elementor-element elementor-element-dcb9a9c elementor-section-content-middle elementor-section-stretched elementor-section-full_width elementor-section-height-default elementor-section-height-default\" data-id=\"dcb9a9c\" data-element_type=\"section\" data-e-type=\"section\" data-settings=\"{&quot;stretch_section&quot;:&quot;section-stretched&quot;,&quot;background_background&quot;:&quot;classic&quot;}\">\n\t\t\t\t\t\t\t<div class=\"elementor-background-overlay\"><\/div>\n\t\t\t\t\t\t\t<div class=\"elementor-container elementor-column-gap-wide\">\n\t\t\t\t\t<div class=\"elementor-column elementor-col-100 elementor-top-column elementor-element elementor-element-e550c9a\" data-id=\"e550c9a\" data-element_type=\"column\" data-e-type=\"column\">\n\t\t\t<div class=\"elementor-widget-wrap elementor-element-populated\">\n\t\t\t\t\t\t<div class=\"elementor-element elementor-element-b526b91 elementor-widget elementor-widget-houzez_elementor_space\" data-id=\"b526b91\" data-element_type=\"widget\" data-e-type=\"widget\" data-widget_type=\"houzez_elementor_space.default\">\n\t\t\t\t<div class=\"elementor-widget-container\">\n\t\t\t\t\t        <div class=\"houzez-spacer\">\n            <div class=\"houzez-spacer-inner\"><\/div>\n        <\/div>\n        \t\t\t\t<\/div>\n\t\t\t\t<\/div>\n\t\t\t\t<section class=\"elementor-section elementor-inner-section elementor-element elementor-element-b2612dc elementor-section-boxed elementor-section-height-default elementor-section-height-default\" data-id=\"b2612dc\" data-element_type=\"section\" data-e-type=\"section\">\n\t\t\t\t\t\t<div class=\"elementor-container elementor-column-gap-extended\">\n\t\t\t\t\t<div class=\"elementor-column elementor-col-100 elementor-inner-column elementor-element elementor-element-4328968\" data-id=\"4328968\" data-element_type=\"column\" data-e-type=\"column\">\n\t\t\t<div class=\"elementor-widget-wrap elementor-element-populated\">\n\t\t\t\t\t\t<div class=\"elementor-element elementor-element-2752dba animated-slow elementor-invisible elementor-widget elementor-widget-houzez_elementor_section_title\" data-id=\"2752dba\" data-element_type=\"widget\" data-e-type=\"widget\" data-settings=\"{&quot;_animation&quot;:&quot;fadeIn&quot;}\" data-widget_type=\"houzez_elementor_section_title.default\">\n\t\t\t\t<div class=\"elementor-widget-container\">\n\t\t\t\t\t            <div class=\"houzez_section_title_wrap section-title-module\">\n                                    <h2 class=\"houzez_section_title\">Lo que dicen los clientes sobre nosotros<\/h2>\n                \n                            <\/div>\n            \t\t\t\t<\/div>\n\t\t\t\t<\/div>\n\t\t\t\t<div class=\"elementor-element elementor-element-91b1f9e animated-slow elementor-widget elementor-widget-houzez_elementor_testimonials_v2\" data-id=\"91b1f9e\" data-element_type=\"widget\" data-e-type=\"widget\" data-settings=\"{&quot;_animation&quot;:&quot;none&quot;}\" data-widget_type=\"houzez_elementor_testimonials_v2.default\">\n\t\t\t\t<div class=\"elementor-widget-container\">\n\t\t\t\t\t\n            <div class=\"testimonials-module testimonials-module-slider-v2 testimonials-module-v2\">\n                <div class=\"testimonials-slider-wrap-v2 houzez-all-slider-wrap\">\n                    <div class=\"testimonial-item testimonial-item-v2\">\n\t<div class=\"testimonial-icon\">\n\t\t<i class=\"houzez-icon icon-close-quote\"><\/i>\n\t<\/div><!-- testimonial-icon -->\n\t<div class=\"testimonial-body\">\n\t\tAsioidessani olen saanut erinomaisen palvelun\nJa asialliset tiesto kohteista.\nJoustava ja selke\u00e4 tiedon jako.Suosittelen!\t<\/div><!-- testimonial-body -->\n\t<div class=\"d-flex align-items-center\">\n\t\t\n\t\t\t\n\n\t\t<div class=\"testimonial-info\">\n\t\t\tpor <strong>Matti<\/strong><br>\n\t\t\t<em>\n\t\t\t\tFinlandia            <\/em>\n\t\t<\/div><!-- testimonial-info -->\n\t<\/div><!-- d-flex -->\n<\/div><!-- testimonial-item --><div class=\"testimonial-item testimonial-item-v2\">\n\t<div class=\"testimonial-icon\">\n\t\t<i class=\"houzez-icon icon-close-quote\"><\/i>\n\t<\/div><!-- testimonial-icon -->\n\t<div class=\"testimonial-body\">\n\t\tA nosotros siempre nos alquila nuestro piso en Los Pacos desde hace muchos a\u00f1os, jamas hemos tenido un problema y siempre ha estado dispuesta a ayudarnos sabiendo que vivimos muy lejos de Malaga.\t<\/div><!-- testimonial-body -->\n\t<div class=\"d-flex align-items-center\">\n\t\t\n\t\t\t\n\n\t\t<div class=\"testimonial-info\">\n\t\t\tpor <strong>Rocio<\/strong><br>\n\t\t\t<em>\n\t\t\t\tEspa\u00f1a            <\/em>\n\t\t<\/div><!-- testimonial-info -->\n\t<\/div><!-- d-flex -->\n<\/div><!-- testimonial-item --><div class=\"testimonial-item testimonial-item-v2\">\n\t<div class=\"testimonial-icon\">\n\t\t<i class=\"houzez-icon icon-close-quote\"><\/i>\n\t<\/div><!-- testimonial-icon -->\n\t<div class=\"testimonial-body\">\n\t\tLoistava palvelu. Rautainen ammattitaito. Ylitti odotukset. Suosittelen.\t<\/div><!-- testimonial-body -->\n\t<div class=\"d-flex align-items-center\">\n\t\t\n\t\t\t\n\n\t\t<div class=\"testimonial-info\">\n\t\t\tpor <strong>Timo<\/strong><br>\n\t\t\t<em>\n\t\t\t\tFinland            <\/em>\n\t\t<\/div><!-- testimonial-info -->\n\t<\/div><!-- d-flex -->\n<\/div><!-- testimonial-item --><div class=\"testimonial-item testimonial-item-v2\">\n\t<div class=\"testimonial-icon\">\n\t\t<i class=\"houzez-icon icon-close-quote\"><\/i>\n\t<\/div><!-- testimonial-icon -->\n\t<div class=\"testimonial-body\">\n\t\tMit\u00e4 muuta voi Paulinasta sanoa kuin, huippu tyyppi joka suhteessa !!!\t<\/div><!-- testimonial-body -->\n\t<div class=\"d-flex align-items-center\">\n\t\t\n\t\t\t\n\n\t\t<div class=\"testimonial-info\">\n\t\t\tpor <strong>Anneli<\/strong><br>\n\t\t\t<em>\n\t\t\t\tFinlandia            <\/em>\n\t\t<\/div><!-- testimonial-info -->\n\t<\/div><!-- d-flex -->\n<\/div><!-- testimonial-item --><div class=\"testimonial-item testimonial-item-v2\">\n\t<div class=\"testimonial-icon\">\n\t\t<i class=\"houzez-icon icon-close-quote\"><\/i>\n\t<\/div><!-- testimonial-icon -->\n\t<div class=\"testimonial-body\">\n\t\tPaulina Schulz is a really good, knowledgable and trustworthy real estate agent. She has a very broad clientel and very effective in her way of working. Always reachable and always in a good mood. I Highly recommend Paulina Shulz Estate Agency!\t<\/div><!-- testimonial-body -->\n\t<div class=\"d-flex align-items-center\">\n\t\t\n\t\t\t\n\n\t\t<div class=\"testimonial-info\">\n\t\t\tpor <strong>Richard<\/strong><br>\n\t\t\t<em>\n\t\t\t\tEngland            <\/em>\n\t\t<\/div><!-- testimonial-info -->\n\t<\/div><!-- d-flex -->\n<\/div><!-- testimonial-item --><div class=\"testimonial-item testimonial-item-v2\">\n\t<div class=\"testimonial-icon\">\n\t\t<i class=\"houzez-icon icon-close-quote\"><\/i>\n\t<\/div><!-- testimonial-icon -->\n\t<div class=\"testimonial-body\">\n\t\tPelkk\u00e4\u00e4 hyv\u00e4\u00e4, voin suositella kaikille! Aikanaan kun ostimme oman kotimme niin Paulina Schulz avusti kaikissa k\u00e4yt\u00e4nn\u00f6n asioissa Nie numeron hankinnasta testamentin laadintaan saakka!!\n\nKiitos!\t<\/div><!-- testimonial-body -->\n\t<div class=\"d-flex align-items-center\">\n\t\t\n\t\t\t\n\n\t\t<div class=\"testimonial-info\">\n\t\t\tpor <strong>Gina<\/strong><br>\n\t\t\t<em>\n\t\t\t\tFinland            <\/em>\n\t\t<\/div><!-- testimonial-info -->\n\t<\/div><!-- d-flex -->\n<\/div><!-- testimonial-item --><div class=\"testimonial-item testimonial-item-v2\">\n\t<div class=\"testimonial-icon\">\n\t\t<i class=\"houzez-icon icon-close-quote\"><\/i>\n\t<\/div><!-- testimonial-icon -->\n\t<div class=\"testimonial-body\">\n\t\tK\u00f6pte genom Paulina Schulz en nyproducerad Penthouse 2019 i Stupa Hills Benalmadena.\n\nVi fick nycklarna nu i November 2020 och \u00e4r supern\u00f6jda med k\u00f6pet samt hela processen med Paulina Schulz.\n\nV\u00e4ldigt proffesionellt bem\u00f6tande och kan varmt rekommendera dem om man ska k\u00f6pa i Costa del Sol.\t<\/div><!-- testimonial-body -->\n\t<div class=\"d-flex align-items-center\">\n\t\t\n\t\t\t\n\n\t\t<div class=\"testimonial-info\">\n\t\t\tpor <strong>Robert G<\/strong><br>\n\t\t\t<em>\n\t\t\t\tSweden            <\/em>\n\t\t<\/div><!-- testimonial-info -->\n\t<\/div><!-- d-flex -->\n<\/div><!-- testimonial-item --><div class=\"testimonial-item testimonial-item-v2\">\n\t<div class=\"testimonial-icon\">\n\t\t<i class=\"houzez-icon icon-close-quote\"><\/i>\n\t<\/div><!-- testimonial-icon -->\n\t<div class=\"testimonial-body\">\n\t\tRecomiendo a todo el mundo esta inmobiliaria porque su trato ha sido muy amable, profesional y, lo mas importante, eficiente. El asesoramiento durante todo el proceso ha sido excelente, resolviendo cualquier duda y gui\u00e1ndome en todos los tr\u00e1mites. Atenci\u00f3n inmejorable y un gran inter\u00e9s por dar un buen servicio. Muy recomendable!\t<\/div><!-- testimonial-body -->\n\t<div class=\"d-flex align-items-center\">\n\t\t\n\t\t\t\n\n\t\t<div class=\"testimonial-info\">\n\t\t\tpor <strong>Alicia<\/strong><br>\n\t\t\t<em>\n\t\t\t\tEspa\u00f1a            <\/em>\n\t\t<\/div><!-- testimonial-info -->\n\t<\/div><!-- d-flex -->\n<\/div><!-- testimonial-item --><div class=\"testimonial-item testimonial-item-v2\">\n\t<div class=\"testimonial-icon\">\n\t\t<i class=\"houzez-icon icon-close-quote\"><\/i>\n\t<\/div><!-- testimonial-icon -->\n\t<div class=\"testimonial-body\">\n\t\tRecomiendo esta Agencia para cumplir el sue\u00f1o del Hogar propio. Responsables, transparentes y resolutivos. Tres puntos importantes para que una operaci\u00f3n llegue a buen t\u00e9rmino. Compr\u00e9 una propiedad que ten\u00eda varios puntos previos que resolver antes de escriturar: con abogados, hipoteca previa, propietarios extranjeros, etc. Muy compleja. Sin embargo, se resolvieron con una idoneidad incre\u00edble. Hoy disfruto de mi hogar gracias a este equipo de profesionales que conocen este mercado como ning\u00fan otro agente. Muy recomendable. A mi criterio, un cinco estrellas del sector. \u2b50\ufe0f\u2b50\ufe0f\u2b50\ufe0f\u2b50\ufe0f\u2b50\ufe0f         \t<\/div><!-- testimonial-body -->\n\t<div class=\"d-flex align-items-center\">\n\t\t\n\t\t\t\n\n\t\t<div class=\"testimonial-info\">\n\t\t\tpor <strong>Adriana<\/strong><br>\n\t\t\t<em>\n\t\t\t\t, Espa\u00f1a            <\/em>\n\t\t<\/div><!-- testimonial-info -->\n\t<\/div><!-- d-flex -->\n<\/div><!-- testimonial-item --><div class=\"testimonial-item testimonial-item-v2\">\n\t<div class=\"testimonial-icon\">\n\t\t<i class=\"houzez-icon icon-close-quote\"><\/i>\n\t<\/div><!-- testimonial-icon -->\n\t<div class=\"testimonial-body\">\n\t\tHace un a\u00f1o que vivimos en Fuengirola con Paulina Schulz Fastighetsbyr\u00e5. Vi vill tacka Paulina och hennes team f\u00f6r deras hj\u00e4lp i alla aspekter i samband med v\u00e5r f\u00f6rs\u00e4ljning. Todo ello de forma sencilla, veraz, profesional y profesional, para ayudar a tu cliente en cualquier problema, desde el principio hasta el final del proceso de contrataci\u00f3n. Recomiendo encarecidamente a Paulina Schulz y a su equipo.   \t<\/div><!-- testimonial-body -->\n\t<div class=\"d-flex align-items-center\">\n\t\t\n\t\t\t\n\n\t\t<div class=\"testimonial-info\">\n\t\t\tpor <strong>Irina Savtchenko<\/strong><br>\n\t\t\t<em>\n\t\t\t\tFinland            <\/em>\n\t\t<\/div><!-- testimonial-info -->\n\t<\/div><!-- d-flex -->\n<\/div><!-- testimonial-item --><div class=\"testimonial-item testimonial-item-v2\">\n\t<div class=\"testimonial-icon\">\n\t\t<i class=\"houzez-icon icon-close-quote\"><\/i>\n\t<\/div><!-- testimonial-icon -->\n\t<div class=\"testimonial-body\">\n\t\tPaulinaSchulz nos present\u00f3 varios destinos de viaje cuidadosamente seleccionados. El servicio fue muy informado y amable. \u00a1Podemos recomendar sin reservas sus servicios a quienes busquen un apartamento en la Costa Sunshine!  \n\nPaulina Schulz nos present\u00f3 varios destinos de viaje cuidadosamente seleccionados. El servicio fue muy profesional y amable. Recomendamos encarecidamente sus servicios a quienes busquen un apartamento en la Costa del Sol.  \n\nPaulina Schulz nos introdujo en una nueva y valiosa experiencia. El trato fue muy profesional y amable. Me encantar\u00eda recomendar a alguien que nos visite despu\u00e9s de una estancia en la Costa del Sol.  \t<\/div><!-- testimonial-body -->\n\t<div class=\"d-flex align-items-center\">\n\t\t\n\t\t\t\n\n\t\t<div class=\"testimonial-info\">\n\t\t\tpor <strong>Antti Luoma<\/strong><br>\n\t\t\t<em>\n\t\t\t\tFinland            <\/em>\n\t\t<\/div><!-- testimonial-info -->\n\t<\/div><!-- d-flex -->\n<\/div><!-- testimonial-item --><div class=\"testimonial-item testimonial-item-v2\">\n\t<div class=\"testimonial-icon\">\n\t\t<i class=\"houzez-icon icon-close-quote\"><\/i>\n\t<\/div><!-- testimonial-icon -->\n\t<div class=\"testimonial-body\">\n\t\tBas\u00e1ndonos en nuestra muy satisfactoria experiencia vacacional reci\u00e9n concluida, podemos recomendar encarecidamente los servicios de Paulina Sculz a cualquiera que aprecie la fiabilidad, la puntualidad y la flexibilidad. Como alguien que ha viajado mucho y ha recibido muchos niveles de servicio a lo largo de los a\u00f1os, puede apreciar exactamente esos factores.\nGracias Paulina \ud83d\ude42 \t<\/div><!-- testimonial-body -->\n\t<div class=\"d-flex align-items-center\">\n\t\t\n\t\t\t\n\n\t\t<div class=\"testimonial-info\">\n\t\t\tpor <strong>Aslak Lukander<\/strong><br>\n\t\t\t<em>\n\t\t\t\tFinland            <\/em>\n\t\t<\/div><!-- testimonial-info -->\n\t<\/div><!-- d-flex -->\n<\/div><!-- testimonial-item --><div class=\"testimonial-item testimonial-item-v2\">\n\t<div class=\"testimonial-icon\">\n\t\t<i class=\"houzez-icon icon-close-quote\"><\/i>\n\t<\/div><!-- testimonial-icon -->\n\t<div class=\"testimonial-body\">\n\t\tCompr\u00e9 un apartamento en 2014 a trav\u00e9s de Pauliina y cuando lleg\u00f3 el momento de dejar la vida en Espa\u00f1a en 2023 de todas formas Pauliina lo vendi\u00f3. Ni siquiera se me ocurri\u00f3 ofrecerlo a otros intermediarios. S\u00f3lo puedes obtener referencias m\u00edas por un buen trabajo.  \t<\/div><!-- testimonial-body -->\n\t<div class=\"d-flex align-items-center\">\n\t\t\n\t\t\t\n\n\t\t<div class=\"testimonial-info\">\n\t\t\tpor <strong>Heikki havana<\/strong><br>\n\t\t\t<em>\n\t\t\t\tFinland            <\/em>\n\t\t<\/div><!-- testimonial-info -->\n\t<\/div><!-- d-flex -->\n<\/div><!-- testimonial-item --><div class=\"testimonial-item testimonial-item-v2\">\n\t<div class=\"testimonial-icon\">\n\t\t<i class=\"houzez-icon icon-close-quote\"><\/i>\n\t<\/div><!-- testimonial-icon -->\n\t<div class=\"testimonial-body\">\n\t\t\u00a1Recomiendo encarecidamente a Paulina Schulz en asuntos inmobiliarios! Paulina y su equipo vendieron mi piso superr\u00e1pido y a un precio estupendo. La burocracia y todos los dem\u00e1s asuntos se gestionaron con cuidado y profesionalidad y recib\u00ed buenos consejos todo el tiempo. \u00a1No podr\u00eda haber ido mejor!   \t<\/div><!-- testimonial-body -->\n\t<div class=\"d-flex align-items-center\">\n\t\t\n\t\t\t\n\n\t\t<div class=\"testimonial-info\">\n\t\t\tpor <strong>Satu V\u00e4is\u00e4nen<\/strong><br>\n\t\t\t<em>\n\t\t\t\tFinland            <\/em>\n\t\t<\/div><!-- testimonial-info -->\n\t<\/div><!-- d-flex -->\n<\/div><!-- testimonial-item --><div class=\"testimonial-item testimonial-item-v2\">\n\t<div class=\"testimonial-icon\">\n\t\t<i class=\"houzez-icon icon-close-quote\"><\/i>\n\t<\/div><!-- testimonial-icon -->\n\t<div class=\"testimonial-body\">\n\t\tHemos comprado un piso a trav\u00e9s de su inmobiliaria y el trato tanto de Paulina como de Rosario ha sido excelente. Nos han ayudado en todos los aspectos burocr\u00e1ticos, se han ofrecido para todo lo que necesit\u00e1bamos y a\u00fan hoy, despu\u00e9s de la venta de la vivienda, siguen ofreci\u00e9ndose para ayudarnos a poner en marcha nuestra nueva vivienda. Muchas gracias por todo y enhorabuena por vuestra profesionalidad.  \t<\/div><!-- testimonial-body -->\n\t<div class=\"d-flex align-items-center\">\n\t\t\n\t\t\t\n\n\t\t<div class=\"testimonial-info\">\n\t\t\tpor <strong>Olga Mar\u00edn Mena<\/strong><br>\n\t\t\t<em>\n\t\t\t\t            <\/em>\n\t\t<\/div><!-- testimonial-info -->\n\t<\/div><!-- d-flex -->\n<\/div><!-- testimonial-item --><div class=\"testimonial-item testimonial-item-v2\">\n\t<div class=\"testimonial-icon\">\n\t\t<i class=\"houzez-icon icon-close-quote\"><\/i>\n\t<\/div><!-- testimonial-icon -->\n\t<div class=\"testimonial-body\">\n\t\tLa agente inmobiliaria Paulina Schultz me pareci\u00f3 ingeniosa y fiable. Me mostraron una variedad de propiedades en mi rango de precios y me dieron consejos honestos y siempre fueron profesionales. Incluso despu\u00e9s de la venta han sido serviciales y amables. Los recomiendo encarecidamente.   \t<\/div><!-- testimonial-body -->\n\t<div class=\"d-flex align-items-center\">\n\t\t\n\t\t\t\n\n\t\t<div class=\"testimonial-info\">\n\t\t\tpor <strong>Sophie B<\/strong><br>\n\t\t\t<em>\n\t\t\t\tEngland            <\/em>\n\t\t<\/div><!-- testimonial-info -->\n\t<\/div><!-- d-flex -->\n<\/div><!-- testimonial-item --><div class=\"testimonial-item testimonial-item-v2\">\n\t<div class=\"testimonial-icon\">\n\t\t<i class=\"houzez-icon icon-close-quote\"><\/i>\n\t<\/div><!-- testimonial-icon -->\n\t<div class=\"testimonial-body\">\n\t\tDurante el periodo de venta, han tenido muchos visitantes. Despu\u00e9s, han sido muy atentos y pendientes desde el contrato de reserva y dep\u00f3sito, hasta la escritura.\t<\/div><!-- testimonial-body -->\n\t<div class=\"d-flex align-items-center\">\n\t\t\n\t\t\t\n\n\t\t<div class=\"testimonial-info\">\n\t\t\tpor <strong>Fernando Su\u00e1rez<\/strong><br>\n\t\t\t<em>\n\t\t\t\tEspa\u00f1a            <\/em>\n\t\t<\/div><!-- testimonial-info -->\n\t<\/div><!-- d-flex -->\n<\/div><!-- testimonial-item -->                <\/div><!-- testimonials-slider -->\n            <\/div><!-- testimonials-module -->\n\n        \n\n        \t\t\t\t<\/div>\n\t\t\t\t<\/div>\n\t\t\t\t\t<\/div>\n\t\t<\/div>\n\t\t\t\t\t<\/div>\n\t\t<\/section>\n\t\t\t\t<div class=\"elementor-element elementor-element-b8e71c1 elementor-widget elementor-widget-houzez_elementor_space\" data-id=\"b8e71c1\" data-element_type=\"widget\" data-e-type=\"widget\" data-widget_type=\"houzez_elementor_space.default\">\n\t\t\t\t<div class=\"elementor-widget-container\">\n\t\t\t\t\t        <div class=\"houzez-spacer\">\n            <div class=\"houzez-spacer-inner\"><\/div>\n        <\/div>\n        \t\t\t\t<\/div>\n\t\t\t\t<\/div>\n\t\t\t\t\t<\/div>\n\t\t<\/div>\n\t\t\t\t\t<\/div>\n\t\t<\/section>\n\t\t\t\t<\/div>\n\t\t","protected":false},"excerpt":{"rendered":"<p>Sobre nosotros \u00a0 Sobre nosotros ICON ESTATE EST.2008 es una empresa inmobiliaria finlandesa de hoy en d\u00eda, especializada en el mercado inmobiliario n\u00f3rdico en Espa\u00f1a desde 2008. Desde hace m\u00e1s de 15 a\u00f1os ayudando a las personas a comprar o vender su vivienda vacacional, permanente o de inversi\u00f3n, ofreciendo a nuestros clientes un servicio personalizado [&hellip;]<\/p>\n","protected":false},"author":1,"featured_media":0,"parent":0,"menu_order":0,"comment_status":"closed","ping_status":"closed","template":"template\/template-homepage.php","meta":{"footnotes":""},"class_list":["post-21053","page","type-page","status-publish","hentry"],"_links":{"self":[{"href":"https:\/\/iconestate.es\/es\/wp-json\/wp\/v2\/pages\/21053","targetHints":{"allow":["GET"]}}],"collection":[{"href":"https:\/\/iconestate.es\/es\/wp-json\/wp\/v2\/pages"}],"about":[{"href":"https:\/\/iconestate.es\/es\/wp-json\/wp\/v2\/types\/page"}],"author":[{"embeddable":true,"href":"https:\/\/iconestate.es\/es\/wp-json\/wp\/v2\/users\/1"}],"replies":[{"embeddable":true,"href":"https:\/\/iconestate.es\/es\/wp-json\/wp\/v2\/comments?post=21053"}],"version-history":[{"count":0,"href":"https:\/\/iconestate.es\/es\/wp-json\/wp\/v2\/pages\/21053\/revisions"}],"wp:attachment":[{"href":"https:\/\/iconestate.es\/es\/wp-json\/wp\/v2\/media?parent=21053"}],"curies":[{"name":"wp","href":"https:\/\/api.w.org\/{rel}","templated":true}]}}