{"id":23705,"date":"2021-01-26T10:33:08","date_gmt":"2021-01-26T09:33:08","guid":{"rendered":"https:\/\/www.paulinaschulz.com\/politica-de-cookies\/"},"modified":"2021-08-25T19:55:18","modified_gmt":"2021-08-25T17:55:18","slug":"politica-de-cookies","status":"publish","type":"page","link":"https:\/\/iconestate.es\/es\/politica-de-cookies\/","title":{"rendered":"Pol\u00edtica de cookies"},"content":{"rendered":"\t\t<div data-elementor-type=\"wp-page\" data-elementor-id=\"23705\" class=\"elementor elementor-23705 elementor-18703\" data-elementor-post-type=\"page\">\n\t\t\t\t\t\t<section class=\"elementor-section elementor-top-section elementor-element elementor-element-23c08629 elementor-section-boxed elementor-section-height-default elementor-section-height-default\" data-id=\"23c08629\" data-element_type=\"section\" data-e-type=\"section\">\n\t\t\t\t\t\t<div class=\"elementor-container elementor-column-gap-default\">\n\t\t\t\t\t<div class=\"elementor-column elementor-col-100 elementor-top-column elementor-element elementor-element-6b988546\" data-id=\"6b988546\" data-element_type=\"column\" data-e-type=\"column\">\n\t\t\t<div class=\"elementor-widget-wrap elementor-element-populated\">\n\t\t\t\t\t\t<div class=\"elementor-element elementor-element-601201e9 elementor-widget elementor-widget-text-editor\" data-id=\"601201e9\" data-element_type=\"widget\" data-e-type=\"widget\" data-widget_type=\"text-editor.default\">\n\t\t\t\t<div class=\"elementor-widget-container\">\n\t\t\t\t\t\t\t\t\t<h1>\u00bfQu\u00e9 son las cookies?<\/h1>\n<p>Una cookie es un archivo que se descarga en su computadora cuando accede a determinadas p\u00e1ginas web. Las cookies permiten a una p\u00e1gina web, entre otras cosas, almacenar y recuperar informaci\u00f3n sobre los h\u00e1bitos de navegaci\u00f3n de un usuario o de su equipo y, dependiendo de la informaci\u00f3n que contengan y de la forma en que utilice su equipo, pueden utilizarse para reconocer al usuario. .<\/p>\n<h2>\u00bfPara qu\u00e9 utiliza cookies este sitio web y qu\u00e9 son?<\/h2>\n<p>El detalle de las cookies utilizadas en esta p\u00e1gina web es el siguiente:<\/p>\n<ul>\n<li><b>PHPSESSI<\/b> . Tipo: Terceros. Prop\u00f3sito: Esta cookie es utilizada por el lenguaje de encriptaci\u00f3n PHP para permitir que las variables de SESI\u00d3N se guarden en el servidor web. Estas cookies son esenciales para el funcionamiento del sitio web.<\/li>\n<\/ul>\n<ul>\n<li><b>ui<\/b> . Tipo: Terceros. Finalidad: Es una cookie que proporciona los botones para compartir informaci\u00f3n o art\u00edculos en redes sociales como Twitter, Facebook, Blogger, Tuenti, Google+ y otras. Es una cookie con una permanencia de 2 a\u00f1os. No permite identificar al usuario (cookie an\u00f3nima). uid es una cookie que permite conocer aproximadamente la ubicaci\u00f3n geogr\u00e1fica de los usuarios para el an\u00e1lisis estad\u00edstico de la web, caducando tambi\u00e9n a los 2 a\u00f1os.<\/li>\n<\/ul>\n<p>Nota: Las cookies de tipo &#8216;Propias&#8217; son utilizadas \u00fanicamente por el titular de este sitio web y las cookies de &#8216;Terceros&#8217; son utilizadas por el prestador del servicio que se detalla en la tabla anterior.<\/p>\n<h2>\u00bfC\u00f3mo puedo desactivar o eliminar estas cookies?<\/h2>\n<p>Puede permitir, bloquear o eliminar las cookies instaladas en su equipo mediante la configuraci\u00f3n de las opciones del navegador instalado en su equipo:<br \/>\n<b>Firefox<\/b><br \/>\nhttp:\/\/support.mozilla.org\/es\/kb\/habilitar-y-deshabilitar-cookies-que-los-sitios-we<br \/>\n<b>Cromo<\/b><br \/>\nhttp:\/\/support.google.com\/chrome\/bin\/answer.py?hl=es&amp;answer=95647<br \/>\n<b>Explorador<\/b><br \/>\nhttp:\/\/windows.microsoft.com\/es-es\/windows7\/how-to-manage-cookies-in-internet-explorer-9<br \/>\n<b>Safari<\/b><br \/>\nhttp:\/\/support.apple.com\/kb\/ph5042<br \/>\n<b>\u00d3pera<\/b><br \/>\nhttp:\/\/help.opera.com\/Windows\/11.50\/es-ES\/cookies.html<br \/>\n<b>Otros navegadores<\/b><br \/>\nConsulta la documentaci\u00f3n del navegador que tienes instalado.<\/p>\n<h2>Deshabilitar el complemento para los navegadores de Google Analytics<\/h2>\n<p>Si desea rechazar las cookies anal\u00edticas de Google Analytics en todos los navegadores, para que su informaci\u00f3n no sea enviada a Google Analytics, puede descargar un complemento que realiza esta funci\u00f3n desde este enlace: https:\/\/tools.google.com\/ dlpage \/ gaoptout.<\/p>\n<p>\n            <a href=\"https:\/\/iconestate.es\/wp-content\/uploads\/2021\/01\/Formulario-de-desistimiento.pdf\" target=\"_blank\" rel=\"noopener\">Formulario de retiro<\/a><br \/>\n            <br \/>\n            <a href=\"https:\/\/iconestate.es\/wp-content\/uploads\/2021\/01\/Formulario-de-reclamaciones.pdf\" style=\"background-color: rgb(255, 255, 255);\">Formulario de reclamaci\u00f3n<\/a>\n          <\/p>\n\t\t\t\t\t\t\t\t<\/div>\n\t\t\t\t<\/div>\n\t\t\t\t\t<\/div>\n\t\t<\/div>\n\t\t\t\t\t<\/div>\n\t\t<\/section>\n\t\t\t\t<\/div>\n\t\t","protected":false},"excerpt":{"rendered":"<p>\u00bfQu\u00e9 son las cookies? Una cookie es un archivo que se descarga en su computadora cuando accede a determinadas p\u00e1ginas web. Las cookies permiten a una p\u00e1gina web, entre otras cosas, almacenar y recuperar informaci\u00f3n sobre los h\u00e1bitos de navegaci\u00f3n de un usuario o de su equipo y, dependiendo de la informaci\u00f3n que contengan y [&hellip;]<\/p>\n","protected":false},"author":1,"featured_media":0,"parent":0,"menu_order":0,"comment_status":"closed","ping_status":"closed","template":"template\/template-homepage.php","meta":{"footnotes":""},"class_list":["post-23705","page","type-page","status-publish","hentry"],"_links":{"self":[{"href":"https:\/\/iconestate.es\/es\/wp-json\/wp\/v2\/pages\/23705","targetHints":{"allow":["GET"]}}],"collection":[{"href":"https:\/\/iconestate.es\/es\/wp-json\/wp\/v2\/pages"}],"about":[{"href":"https:\/\/iconestate.es\/es\/wp-json\/wp\/v2\/types\/page"}],"author":[{"embeddable":true,"href":"https:\/\/iconestate.es\/es\/wp-json\/wp\/v2\/users\/1"}],"replies":[{"embeddable":true,"href":"https:\/\/iconestate.es\/es\/wp-json\/wp\/v2\/comments?post=23705"}],"version-history":[{"count":0,"href":"https:\/\/iconestate.es\/es\/wp-json\/wp\/v2\/pages\/23705\/revisions"}],"wp:attachment":[{"href":"https:\/\/iconestate.es\/es\/wp-json\/wp\/v2\/media?parent=23705"}],"curies":[{"name":"wp","href":"https:\/\/api.w.org\/{rel}","templated":true}]}}