{"id":23709,"date":"2021-01-26T10:33:09","date_gmt":"2021-01-26T09:33:09","guid":{"rendered":"https:\/\/www.paulinaschulz.com\/consejo-legal\/"},"modified":"2024-10-22T10:53:01","modified_gmt":"2024-10-22T08:53:01","slug":"consejo-legal","status":"publish","type":"page","link":"https:\/\/iconestate.es\/es\/consejo-legal\/","title":{"rendered":"Consejo legal"},"content":{"rendered":"\t\t<div data-elementor-type=\"wp-page\" data-elementor-id=\"23709\" class=\"elementor elementor-23709 elementor-18707\" data-elementor-post-type=\"page\">\n\t\t\t\t\t\t<section class=\"elementor-section elementor-top-section elementor-element elementor-element-403945ee elementor-section-boxed elementor-section-height-default elementor-section-height-default\" data-id=\"403945ee\" data-element_type=\"section\" data-e-type=\"section\">\n\t\t\t\t\t\t<div class=\"elementor-container elementor-column-gap-default\">\n\t\t\t\t\t<div class=\"elementor-column elementor-col-100 elementor-top-column elementor-element elementor-element-72c37582\" data-id=\"72c37582\" data-element_type=\"column\" data-e-type=\"column\">\n\t\t\t<div class=\"elementor-widget-wrap elementor-element-populated\">\n\t\t\t\t\t\t<div class=\"elementor-element elementor-element-329e3a30 elementor-widget elementor-widget-text-editor\" data-id=\"329e3a30\" data-element_type=\"widget\" data-e-type=\"widget\" data-widget_type=\"text-editor.default\">\n\t\t\t\t<div class=\"elementor-widget-container\">\n\t\t\t\t\t\t\t\t\t<h1>ADVERTENCIA LEGAL<\/h1><h3>1. OBJETO<\/h3><p>Este aviso legal regula el uso y uso del sitio web[https:\/\/iconestate.es] , titularidad de ICON ESTATE EST.2008<\/p><p>(en adelante, EL PROPIETARIO DE LA WEB).<\/p><p>La navegaci\u00f3n por el sitio web de EL PROPIETARIO DE LA WEB atribuye la condici\u00f3n de USUARIO del mismo y supone la aceptaci\u00f3n plena y sin reservas de todas y cada una de las condiciones publicadas en este aviso legal, advirtiendo que dichas condiciones pueden ser modificadas sin previo aviso por parte de EL. PROPIETARIO DE LA WEB, en cuyo caso ser\u00e1 publicado y notificado con la mayor antelaci\u00f3n posible.<\/p><p>Por tanto, es recomendable leer atentamente su contenido si desea acceder y hacer uso de la informaci\u00f3n y los servicios que se ofrecen desde este sitio web.<\/p><p>El usuario, adem\u00e1s, se obliga a hacer un uso correcto del sitio web de conformidad con las leyes, la buena fe, el orden p\u00fablico, los usos del tr\u00e1fico y el presente Aviso Legal, y responder\u00e1 ante EL PROPIETARIO DE LA WEB o ante terceros, de los da\u00f1os y perjuicios que pudieran causarse como consecuencia del incumplimiento de dicha obligaci\u00f3n.<\/p><p>Queda expresamente prohibido cualquier uso distinto al autorizado, pudiendo EL PROPIETARIO DE LA WEB denegar o retirar el acceso y uso en cualquier momento.<\/p><h3>2. IDENTIFICACI\u00d3N<\/h3><p>EL PROPIETARIO DE LA WEB, en cumplimiento de la Ley 34\/2002, de 11 de julio, de Servicios de la Sociedad de la Informaci\u00f3n y Comercio Electr\u00f3nico, le informa que:<\/p><ul><li>Su denominaci\u00f3n social es: ICON ESTATE EST.2008<\/li><li>Su CIF es: X4584363A<\/li><li>Su domicilio social se encuentra en: AVDA. LOS PACOS, 4 LOCAL 1 &#8211; 1A &#8211; 29640 &#8211; FUENGIROLA &#8211; M\u00c1LAGA<\/li><\/ul><h3>3. COMUNICACIONES<\/h3><p>Para comunicarse con nosotros, ponemos a su disposici\u00f3n diferentes medios de contacto que detallamos a continuaci\u00f3n:<\/p><ul><li>Tel\u00e9fono: 952467910<\/li><li>Correo electr\u00f3nico: info@iconestate.es<\/li><\/ul><p>Todas las notificaciones y comunicaciones entre los usuarios y EL PROPIETARIO DE LA WEB se considerar\u00e1n eficaces, a todos los efectos, cuando se realicen a trav\u00e9s de cualquiera de los medios detallados anteriormente.<\/p><h3>4. CONDICIONES DE ACCESO Y USO<\/h3><p>El sitio web y sus servicios son de libre acceso. No obstante, EL PROPIETARIO DE LA WEB podr\u00e1 condicionar la utilizaci\u00f3n de algunos de los servicios ofrecidos en su sitio web a la previa cumplimentaci\u00f3n del correspondiente formulario.<\/p><p>El usuario garantiza la autenticidad y actualidad de todos aquellos datos que comunique al PROPIETARIO DE LA WEB y ser\u00e1 el \u00fanico responsable de las manifestaciones falsas o inexactas que realice.<\/p><p>El usuario se compromete expresamente a hacer un uso correcto de los contenidos y servicios de EL PROPIETARIO DE LA WEB y a no emplearlos para, entre otros:<\/p><ul><li style=\"list-style-type: none;\">\u00a0<\/li><\/ul><ul style=\"display: inline !important;\"><li style=\"display: inline !important;\">Difundir contenidos delictivos, violentos, pornogr\u00e1ficos, racistas, xen\u00f3fobos, ofensivos, en defensa del terrorismo o, en general, contrarios a la ley o al orden p\u00fablico.<\/li><li>Introducir virus inform\u00e1ticos en la red o realizar acciones que puedan alterar, estropear, interrumpir o generar errores o da\u00f1os en documentos electr\u00f3nicos, datos o sistemas f\u00edsicos y l\u00f3gicos del PROPIETARIO DE LA WEB o de terceros; as\u00ed como obstaculizar el acceso de otros usuarios al sitio web y sus servicios mediante el consumo masivo de recursos inform\u00e1ticos a trav\u00e9s de los cuales EL PROPIETARIO DE LA WEB presta sus servicios.<\/li><li>Intentar acceder a las cuentas de correo electr\u00f3nico de otros usuarios o \u00e1reas restringidas de los sistemas inform\u00e1ticos de EL PROPIETARIO DE LA WEB o de terceros y, en su caso, extraer informaci\u00f3n.<\/li><li>Violar los derechos de propiedad intelectual o industrial, as\u00ed como violar la confidencialidad de la informaci\u00f3n del PROPIETARIO DE LA WEB o de terceros.<\/li><li>Hacerse pasar por la identidad de cualquier otro usuario.<\/li><li>Reproducir, copiar, distribuir, poner a disposici\u00f3n, o cualquier otra forma de comunicaci\u00f3n p\u00fablica, transformar o modificar los contenidos, salvo que se cuente con la autorizaci\u00f3n del titular de los correspondientes derechos o ello resulte legalmente permitido.<\/li><li>Recopilar datos con fines publicitarios y para enviar publicidad de cualquier tipo y comunicaciones para su venta u otros fines comerciales sin su previa solicitud o consentimiento.<\/li><\/ul><p>Todos los contenidos del sitio web, como textos, fotograf\u00edas, gr\u00e1ficos, im\u00e1genes, iconos, tecnolog\u00eda, software, as\u00ed como su dise\u00f1o gr\u00e1fico y c\u00f3digos fuente, constituyen una obra cuya propiedad pertenece al PROPIETARIO DE LA WEB, sin que se entienda que no se han cedido al usuario ninguno de los derechos de explotaci\u00f3n sobre los mismos m\u00e1s all\u00e1 de lo estrictamente necesario para el correcto uso de la web.<\/p><p>En definitiva, los usuarios que accedan a este sitio web podr\u00e1n visualizar los contenidos y realizar, en su caso, copias privadas autorizadas siempre que los elementos reproducidos no sean cedidos posteriormente a terceros, ni est\u00e9n instalados en servidores conectados a redes, ni est\u00e9n sometidos a ning\u00fan tipo. de explotaci\u00f3n.<\/p><p>Asimismo, todas las marcas, nombres comerciales o signos distintivos de cualquier clase que aparecen en el sitio web son propiedad de EL PROPIETARIO DE LA WEB, sin que se entienda que el uso o acceso al mismo confiere al usuario derecho alguno sobre los mismos.<\/p><p>Queda prohibida la distribuci\u00f3n, modificaci\u00f3n, cesi\u00f3n o comunicaci\u00f3n p\u00fablica de los contenidos y cualquier otro acto que no haya sido expresamente autorizado por el titular de los derechos de explotaci\u00f3n.<\/p><p>El establecimiento de un hiperenlace no implica en ning\u00fan caso la existencia de relaciones entre EL PROPIETARIO DE LA WEB y el propietario del sitio web en la que se establezca, ni la aceptaci\u00f3n y aprobaci\u00f3n por parte del PROPIETARIO DE LA WEB de sus contenidos o servicios.<\/p><p>PROPIETARIO DE LA WEB no se responsabiliza del uso que cada usuario d\u00e9 a los materiales puestos a disposici\u00f3n en este sitio web ni de las actuaciones que lleve a cabo en base a los mismos.<\/p><h4>4.1. EXCLUSI\u00d3N DE GARANT\u00cdAS Y RESPONSABILIDAD EN EL ACCESO Y USO<\/h4><p>El contenido de este sitio web es de car\u00e1cter general y tiene una finalidad meramente informativa, sin garantizar plenamente el acceso a todos los contenidos, ni su integridad, correcci\u00f3n, vigencia o actualidad, ni su idoneidad o utilidad para un fin espec\u00edfico.<\/p><p>EL PROPIETARIO DE LA WEB excluye, hasta donde permite el ordenamiento jur\u00eddico, cualquier responsabilidad por los da\u00f1os y perjuicios de toda naturaleza derivados de:<\/p><ul><li>La imposibilidad de acceder al sitio web o la falta de veracidad, exactitud, exhaustividad y \/ o actualidad de los contenidos, as\u00ed como la existencia de vicios y defectos de toda clase de contenidos transmitidos, difundidos, almacenados, puestos a disposici\u00f3n, al que se ha accedido a trav\u00e9s del sitio web o de los servicios ofrecidos.<\/li><li>La presencia de virus u otros elementos en los contenidos que puedan producir alteraciones en los sistemas inform\u00e1ticos, documentos electr\u00f3nicos o datos del usuario.<\/li><li>El incumplimiento de las leyes, la buena fe, el orden p\u00fablico, los usos del tr\u00e1fico y el presente aviso legal como consecuencia del uso incorrecto del sitio web. En particular, y a modo de ejemplo, EL PROPIETARIO DE LA WEB no se hace responsable de las actuaciones de terceros que vulneren los derechos de propiedad intelectual e industrial, secretos empresariales, derechos al honor, a la intimidad personal y familiar y a la propia imagen, as\u00ed como a la normativa sobre competencia desleal y publicidad ilegal.<\/li><\/ul><p>Asimismo, EL PROPIETARIO DE LA WEB declina cualquier responsabilidad respecto a la informaci\u00f3n que se encuentre fuera de este sitio web y no sea gestionada directamente por nuestro webmaster. La funci\u00f3n de los enlaces que aparecen en este sitio web es exclusivamente la de informar al usuario sobre la existencia de otras fuentes capaces de ampliar los contenidos que ofrece este sitio web. PROPIETARIO DE LA WEB no garantiza ni se responsabiliza del funcionamiento o accesibilidad de los sitios enlazados; tampoco sugiere, invita o recomienda una visita a los mismos, por lo que no ser\u00e1 responsable del resultado obtenido. PROPIETARIO DE LA WEB no se responsabiliza del establecimiento de hiperv\u00ednculos por parte de terceros.<\/p><h4>4.2. PROCEDIMIENTO EN CASO DE REALIZACI\u00d3N DE ACTIVIDADES IL\u00cdCITAS<\/h4><p>En el caso de que alg\u00fan usuario o un tercero considere que existen hechos o circunstancias que revelen el car\u00e1cter il\u00edcito del uso de cualquier contenido y \/ o de la realizaci\u00f3n de cualquier actividad en las p\u00e1ginas web incluidas o accesibles a trav\u00e9s del sitio web, deber\u00e1 enviar un notificaci\u00f3n al PROPIETARIO DE LA WEB identificando debidamente y especificando las supuestas infracciones.<\/p><h4>4.3. PUBLICACIONES<\/h4><p>La informaci\u00f3n administrativa facilitada a trav\u00e9s del sitio web no sustituye a la publicidad legal de las leyes, normativas, planes, disposiciones generales y actos que deban ser publicados formalmente en los Boletines Oficiales de las Administraciones P\u00fablicas, que constituyen el \u00fanico instrumento que da fe de su autenticidad y contenido. La informaci\u00f3n disponible en este sitio web debe entenderse como una gu\u00eda sin objeto de validez legal.<\/p><h3>5. LEGISLACI\u00d3N APLICABLE<\/h3><p>Las presentes condiciones se regir\u00e1n por la legislaci\u00f3n espa\u00f1ola vigente.<br \/>El idioma utilizado ser\u00e1 el espa\u00f1ol.<\/p><p><a href=\"https:\/\/iconestate.es\/wp-content\/uploads\/2021\/01\/Formulario-de-desistimiento.pdf\" target=\"_blank\" rel=\"noopener\">Formulario de retiro<\/a><\/p><p><a style=\"background-color: #ffffff;\" href=\"https:\/\/iconestate.es\/wp-content\/uploads\/2021\/01\/Formulario-de-reclamaciones.pdf\">Formulario de reclamaci\u00f3n<\/a><\/p>\t\t\t\t\t\t\t\t<\/div>\n\t\t\t\t<\/div>\n\t\t\t\t\t<\/div>\n\t\t<\/div>\n\t\t\t\t\t<\/div>\n\t\t<\/section>\n\t\t\t\t<\/div>\n\t\t","protected":false},"excerpt":{"rendered":"<p>ADVERTENCIA LEGAL 1. OBJETO Este aviso legal regula el uso y uso del sitio web[https:\/\/iconestate.es] , titularidad de ICON ESTATE EST.2008 (en adelante, EL PROPIETARIO DE LA WEB). La navegaci\u00f3n por el sitio web de EL PROPIETARIO DE LA WEB atribuye la condici\u00f3n de USUARIO del mismo y supone la aceptaci\u00f3n plena y sin reservas [&hellip;]<\/p>\n","protected":false},"author":1,"featured_media":0,"parent":0,"menu_order":0,"comment_status":"closed","ping_status":"closed","template":"template\/template-homepage.php","meta":{"footnotes":""},"class_list":["post-23709","page","type-page","status-publish","hentry"],"_links":{"self":[{"href":"https:\/\/iconestate.es\/es\/wp-json\/wp\/v2\/pages\/23709","targetHints":{"allow":["GET"]}}],"collection":[{"href":"https:\/\/iconestate.es\/es\/wp-json\/wp\/v2\/pages"}],"about":[{"href":"https:\/\/iconestate.es\/es\/wp-json\/wp\/v2\/types\/page"}],"author":[{"embeddable":true,"href":"https:\/\/iconestate.es\/es\/wp-json\/wp\/v2\/users\/1"}],"replies":[{"embeddable":true,"href":"https:\/\/iconestate.es\/es\/wp-json\/wp\/v2\/comments?post=23709"}],"version-history":[{"count":0,"href":"https:\/\/iconestate.es\/es\/wp-json\/wp\/v2\/pages\/23709\/revisions"}],"wp:attachment":[{"href":"https:\/\/iconestate.es\/es\/wp-json\/wp\/v2\/media?parent=23709"}],"curies":[{"name":"wp","href":"https:\/\/api.w.org\/{rel}","templated":true}]}}