{"id":23713,"date":"2021-01-26T10:33:12","date_gmt":"2021-01-26T09:33:12","guid":{"rendered":"https:\/\/www.paulinaschulz.com\/politica-de-privacidad-2\/"},"modified":"2024-10-22T10:56:53","modified_gmt":"2024-10-22T08:56:53","slug":"politica-de-privacidad-2","status":"publish","type":"page","link":"https:\/\/iconestate.es\/es\/politica-de-privacidad-2\/","title":{"rendered":"Pol\u00edtica de privacidad"},"content":{"rendered":"\t\t<div data-elementor-type=\"wp-page\" data-elementor-id=\"23713\" class=\"elementor elementor-23713 elementor-18705\" data-elementor-post-type=\"page\">\n\t\t\t\t\t\t<section class=\"elementor-section elementor-top-section elementor-element elementor-element-08aeef0 elementor-section-boxed elementor-section-height-default elementor-section-height-default\" data-id=\"08aeef0\" data-element_type=\"section\" data-e-type=\"section\">\n\t\t\t\t\t\t<div class=\"elementor-container elementor-column-gap-default\">\n\t\t\t\t\t<div class=\"elementor-column elementor-col-100 elementor-top-column elementor-element elementor-element-9da4270\" data-id=\"9da4270\" data-element_type=\"column\" data-e-type=\"column\">\n\t\t\t<div class=\"elementor-widget-wrap elementor-element-populated\">\n\t\t\t\t\t\t<section class=\"elementor-section elementor-inner-section elementor-element elementor-element-f443ecc elementor-section-boxed elementor-section-height-default elementor-section-height-default\" data-id=\"f443ecc\" data-element_type=\"section\" data-e-type=\"section\">\n\t\t\t\t\t\t<div class=\"elementor-container elementor-column-gap-default\">\n\t\t\t\t\t<div class=\"elementor-column elementor-col-100 elementor-inner-column elementor-element elementor-element-6e9c980\" data-id=\"6e9c980\" data-element_type=\"column\" data-e-type=\"column\">\n\t\t\t<div class=\"elementor-widget-wrap elementor-element-populated\">\n\t\t\t\t\t\t<div class=\"elementor-element elementor-element-d427074 elementor-widget elementor-widget-text-editor\" data-id=\"d427074\" data-element_type=\"widget\" data-e-type=\"widget\" data-widget_type=\"text-editor.default\">\n\t\t\t\t<div class=\"elementor-widget-container\">\n\t\t\t\t\t\t\t\t\t<h1>POL\u00cdTICA DE PRIVACIDAD<\/h1><p>En<\/p><p class=\"p1\">ICON ESTATE EST.2008<\/p><p>nos preocupamos por la privacidad y la transparencia. A continuaci\u00f3n, le indicamos detalladamente el tratamiento de datos personales que llevamos a cabo, as\u00ed como toda la informaci\u00f3n relacionada con los mismos.<\/p><h2>Tratamiento de los datos de los candidatos al puesto<\/h2><p><b>Informaci\u00f3n b\u00e1sica sobre protecci\u00f3n de datos<br \/><\/b> Responsable:ICON ESTATE EST.2008<br \/>Objeto: Realizar los procesos de selecci\u00f3n de personal<br \/>Legitimaci\u00f3n: Consentimiento del interesado.<br \/>Destinatarios: No se ceder\u00e1n datos a terceros, salvo obligaci\u00f3n legal.<br \/>Derechos: Tiene derecho a acceder, rectificar y suprimir los datos, as\u00ed como otros derechos, indicados en la informaci\u00f3n adicional, que puede ejercitar contactando con el domicilio del responsable del tratamiento.<br \/>Origen: El interesado.<\/p><h2>Informaci\u00f3n completa sobre protecci\u00f3n de datos<\/h2><h3>1. \u00bfQui\u00e9n es el responsable del tratamiento de sus datos?<\/h3><p>ICON ESTATE EST.2008.<br \/>X4584363A.<br \/>AVDA. LOS PACOS, 4 LOCAL 1 &#8211; 1A &#8211; 29640 &#8211; FUENGIROLA &#8211; M\u00c1LAGA.<br \/>952467910.<br \/>info@iconestate.es<\/p><h3>2. \u00bfCon qu\u00e9 finalidad tratamos sus datos personales?<\/h3><p>En ICON ESTATE EST.2008tratamos la informaci\u00f3n que nos facilitan las personas interesadas con el fin de Gestionar el Curriculum Vitae recibido y realizar los procesos de selecci\u00f3n de personal. No se tomar\u00e1n decisiones automatizadas en base a los datos proporcionados.<\/p><h3>3. \u00bfCu\u00e1nto tiempo conservaremos sus datos?<\/h3><p>Dos a\u00f1os desde la \u00faltima interacci\u00f3n<\/p><h3>4. \u00bfCu\u00e1l es la legitimidad para el tratamiento de sus datos?<\/h3><p>Le indicamos la base legal para el tratamiento de sus datos:<\/p><ul><li>Consentimiento del interesado: Gestionar el Curriculum Vitae recibido y realizar los procesos de selecci\u00f3n de personal<\/li><\/ul><h3>5. \u00bfA qu\u00e9 destinatarios se comunicar\u00e1n sus datos?<\/h3><p>No se ceder\u00e1n datos a terceros, salvo obligaci\u00f3n legal.<\/p><h3>6. Transferencias de datos a terceros pa\u00edses<\/h3><p>No se prev\u00e9n transferencias de datos a terceros pa\u00edses.<\/p><h3>7. \u00bfCu\u00e1les son sus derechos cuando nos proporciona sus datos?<\/h3><p>Cualquier persona tiene derecho a obtener confirmaci\u00f3n sobre si ICON ESTATE EST.2008 est\u00e1 tratando o no los datos personales que le conciernen.<\/p><p>Las personas interesadas tienen derecho a acceder a sus datos personales, as\u00ed como a solicitar la rectificaci\u00f3n de los datos inexactos o, en su caso, solicitar su supresi\u00f3n cuando, entre otros motivos, los datos no sean necesarios para los fines para los que fueron recogidos. Tambi\u00e9n tiene derecho a la portabilidad de sus datos.<\/p><p>En determinadas circunstancias, los interesados podr\u00e1n solicitar la limitaci\u00f3n del tratamiento de sus datos, en cuyo caso \u00fanicamente los conservaremos para el ejercicio o la defensa de reclamaciones.<\/p><p>En circunstancias y por motivos relacionados con su situaci\u00f3n particular, los interesados podr\u00e1n oponerse al tratamiento de sus datos. En este caso ICON ESTATE EST.2008 dejar\u00e1 de tratar los datos, salvo por motivos leg\u00edtimos imperiosos, o el ejercicio o la defensa de posibles reclamaciones.<\/p><p>Puede ejercitar materialmente sus derechos de la siguiente forma: dirigi\u00e9ndose al domicilio del responsable del tratamiento.<\/p><p>Cuando el env\u00edo de comunicaciones comerciales se realice utilizando como base legal el inter\u00e9s leg\u00edtimo del responsable, el interesado podr\u00e1 oponerse al tratamiento de sus datos para tal fin.<\/p><p>Si ha prestado su consentimiento para una finalidad concreta, tiene derecho a retirar el consentimiento otorgado en cualquier momento, sin que ello afecte a la licitud del tratamiento en base al consentimiento previo a su retirada.<\/p><p>En el caso de que sienta vulnerados sus derechos en lo que respecta a la protecci\u00f3n de sus datos personales, especialmente cuando no haya obtenido satisfacci\u00f3n en el ejercicio de sus derechos, puede presentar una reclamaci\u00f3n ante la Autoridad de Control en materia de Protecci\u00f3n de Datos competente a trav\u00e9s de su p\u00e1gina web. : www.aepd.es.<\/p><h3>8. \u00bfC\u00f3mo hemos obtenido sus datos?<\/h3><p>Los datos personales que tratamos en ICON ESTATE EST.2008 proceden de: El interesado.<\/p><p style=\"caret-color: #000000; color: #000000; text-transform: none; text-size-adjust: auto;\">\u00a0<\/p><p><a href=\"https:\/\/iconestate.es\/wp-content\/uploads\/2021\/01\/Formulario-de-desistimiento.pdf\" target=\"_blank\" rel=\"noopener\">Formulario de retiro<\/a><\/p><p><a style=\"background-color: #ffffff;\" href=\"https:\/\/iconestate.es\/wp-content\/uploads\/2021\/01\/Formulario-de-reclamaciones.pdf\">Formulario de reclamaci\u00f3n<\/a><\/p>\t\t\t\t\t\t\t\t<\/div>\n\t\t\t\t<\/div>\n\t\t\t\t\t<\/div>\n\t\t<\/div>\n\t\t\t\t\t<\/div>\n\t\t<\/section>\n\t\t\t\t\t<\/div>\n\t\t<\/div>\n\t\t\t\t\t<\/div>\n\t\t<\/section>\n\t\t\t\t<\/div>\n\t\t","protected":false},"excerpt":{"rendered":"<p>POL\u00cdTICA DE PRIVACIDAD En ICON ESTATE EST.2008 nos preocupamos por la privacidad y la transparencia. A continuaci\u00f3n, le indicamos detalladamente el tratamiento de datos personales que llevamos a cabo, as\u00ed como toda la informaci\u00f3n relacionada con los mismos. Tratamiento de los datos de los candidatos al puesto Informaci\u00f3n b\u00e1sica sobre protecci\u00f3n de datos Responsable:ICON ESTATE [&hellip;]<\/p>\n","protected":false},"author":1,"featured_media":0,"parent":0,"menu_order":0,"comment_status":"closed","ping_status":"closed","template":"elementor_header_footer","meta":{"footnotes":""},"class_list":["post-23713","page","type-page","status-publish","hentry"],"_links":{"self":[{"href":"https:\/\/iconestate.es\/es\/wp-json\/wp\/v2\/pages\/23713","targetHints":{"allow":["GET"]}}],"collection":[{"href":"https:\/\/iconestate.es\/es\/wp-json\/wp\/v2\/pages"}],"about":[{"href":"https:\/\/iconestate.es\/es\/wp-json\/wp\/v2\/types\/page"}],"author":[{"embeddable":true,"href":"https:\/\/iconestate.es\/es\/wp-json\/wp\/v2\/users\/1"}],"replies":[{"embeddable":true,"href":"https:\/\/iconestate.es\/es\/wp-json\/wp\/v2\/comments?post=23713"}],"version-history":[{"count":0,"href":"https:\/\/iconestate.es\/es\/wp-json\/wp\/v2\/pages\/23713\/revisions"}],"wp:attachment":[{"href":"https:\/\/iconestate.es\/es\/wp-json\/wp\/v2\/media?parent=23713"}],"curies":[{"name":"wp","href":"https:\/\/api.w.org\/{rel}","templated":true}]}}