{"id":23754,"date":"2021-01-26T10:35:46","date_gmt":"2021-01-26T09:35:46","guid":{"rendered":"https:\/\/www.paulinaschulz.com\/terminos-y-condiciones\/"},"modified":"2024-10-22T11:02:24","modified_gmt":"2024-10-22T09:02:24","slug":"terminos-y-condiciones","status":"publish","type":"page","link":"https:\/\/iconestate.es\/es\/terminos-y-condiciones\/","title":{"rendered":"T\u00e9rminos y Condiciones"},"content":{"rendered":"\t\t<div data-elementor-type=\"wp-page\" data-elementor-id=\"23754\" class=\"elementor elementor-23754 elementor-745\" data-elementor-post-type=\"page\">\n\t\t\t\t\t\t<section class=\"elementor-section elementor-top-section elementor-element elementor-element-55fd604c elementor-section-boxed elementor-section-height-default elementor-section-height-default\" data-id=\"55fd604c\" data-element_type=\"section\" data-e-type=\"section\">\n\t\t\t\t\t\t<div class=\"elementor-container elementor-column-gap-default\">\n\t\t\t\t\t<div class=\"elementor-column elementor-col-100 elementor-top-column elementor-element elementor-element-59d344e8\" data-id=\"59d344e8\" data-element_type=\"column\" data-e-type=\"column\">\n\t\t\t<div class=\"elementor-widget-wrap elementor-element-populated\">\n\t\t\t\t\t\t<div class=\"elementor-element elementor-element-2c93540f elementor-widget elementor-widget-text-editor\" data-id=\"2c93540f\" data-element_type=\"widget\" data-e-type=\"widget\" data-widget_type=\"text-editor.default\">\n\t\t\t\t<div class=\"elementor-widget-container\">\n\t\t\t\t\t\t\t\t\t<h1>CONDICIONES GENERALES<\/h1><h2>OBJETO<\/h2><p>Las presentes Condiciones Generales regulan la adquisici\u00f3n de los servicios ofrecidos en el sitio web https:\/\/iconestate.es, propiedad de ICON ESTATE EST.2008 (en adelante, ICON ESTATE EST.2008).<\/p><p>La adquisici\u00f3n de cualquiera de los servicios conlleva la aceptaci\u00f3n plena y sin reservas de todas y cada una de las Condiciones Generales que se indican, sin perjuicio de la aceptaci\u00f3n de las Condiciones Particulares que pudieran resultar de aplicaci\u00f3n al adquirir determinados servicios.<\/p><p>Estas Condiciones Generales pueden sufrir modificaciones sin previo aviso, por lo que es recomendable leer atentamente su contenido antes de proceder a la compra de cualquiera de los servicios ofertados.<\/p><h2>1. IDENTIFICACI\u00d3N<\/h2><p>ICON ESTATE EST.2008, en cumplimiento de la Ley 34\/2002, de 11 de julio, de Servicios de la Sociedad de la Informaci\u00f3n y Comercio Electr\u00f3nico, le informa que:<\/p><ul><li>Su denominaci\u00f3n social es:ICON ESTATE EST.2008<\/li><li>Su nombre comercial es: ICON ESTATE EST.2008.<\/li><li>Su CIF es: X4584363A.<\/li><li>Su domicilio social se encuentra en: AVDA. LOS PACOS, 4 LOCAL 1 &#8211; 1A &#8211; 29640 FUENGIROLA &#8211; M\u00c1LAGA (ESPA\u00d1A).<\/li><\/ul><h2>2. COMUNICACIONES<\/h2><p>Para comunicarse con nosotros, ponemos a su disposici\u00f3n diferentes medios de contacto que detallamos a continuaci\u00f3n:<\/p><ul><li>Tel\u00e9fono: 952467910 &#8211; Para consultas urgentes +34607504827.<\/li><li>Correo electr\u00f3nico:info@iconestate.es<\/li><li>Direcci\u00f3n postal: AVDA. LOS PACOS, 4 LOCAL 1 &#8211; 1A &#8211; 29640 &#8211; FUENGIROLA &#8211; M\u00c1LAGA.<\/li><\/ul><p>Todas las notificaciones y comunicaciones entre los usuarios y ICON ESTATE EST.2008 se considerar\u00e1n eficaces, a todos los efectos, cuando se realicen a trav\u00e9s de cualquiera de los medios detallados anteriormente.<\/p><h2>3. SERVICIOS<\/h2><p>Los servicios ofrecidos, junto con sus principales caracter\u00edsticas y su precio, aparecen en pantalla.<\/p><p>ICON ESTATE EST.2008 se reserva el derecho de decidir, en cualquier momento, los productos y \/ o servicios ofrecidos a los Clientes. De esta forma, ICON ESTATE EST.2008 podr\u00e1, en cualquier momento, agregar nuevos productos y \/ o servicios a los actualmente ofertados. Asimismo, ICON ESTATE EST.2008 se reserva el derecho a retirar o dejar de ofrecer, en cualquier momento, y sin previo aviso, cualquiera de los servicios ofertados.<\/p><p>Todo ello sin perjuicio de que la adquisici\u00f3n de cualquiera de los servicios s\u00f3lo podr\u00e1 realizarse mediante la suscripci\u00f3n o registro del USUARIO, otorg\u00e1ndole ICON ESTATE EST.2008 al interesado un Nombre de Usuario y una contrase\u00f1a, que le identificar\u00e1 personalmente y le permitir\u00e1 tener acceso a los servicios.<\/p><p>Una vez dentro de https:\/\/iconestate.es, y para acceder a la contrataci\u00f3n de los diferentes servicios, el Usuario deber\u00e1 seguir todas las instrucciones indicadas en el proceso de compra, lo que supondr\u00e1 leer y aceptar todas las condiciones generales y particulares publicadas en https:\/\/iconestate.es<\/p><p>OBSERVACIONES<\/p><p>La prestaci\u00f3n de los servicios ofrecidos a trav\u00e9s de la web, requieren el previo registro del usuario. Nuestros servicios integrados se refieren a la b\u00fasqueda de profesionales acreditados para ayudar con cualquier solicitud de nuestros clientes, en las diferentes actividades necesarias para ofrecerles un servicio adicional de calidad integral.<\/p><h2>4. DISPONIBILIDAD Y SUSTITUCIONES<\/h2><p>SERVICIOS<\/p><p>Para la prestaci\u00f3n de los servicios,ICON ESTATE EST.2008, dar\u00e1 acceso de la siguiente manera: A trav\u00e9s de la pesta\u00f1a de contacto. Por tel\u00e9fono o correo electr\u00f3nico.<\/p><p>ICON ESTATE EST.2008 no se hace responsable de los da\u00f1os que pudieran ocurrir a dicho USUARIO como consecuencia de fallos o desconexiones en las redes de telecomunicaciones y que provoquen suspensi\u00f3n, cancelaci\u00f3n o interrupci\u00f3n del servicio de https:\/\/iconestate.escom durante la prestaci\u00f3n de lo mismo.<\/p><h2>5. PROCESO DE COMPRA Y \/ O CONTRATACI\u00d3N<\/h2><p>Para realizar cualquier compra en https:\/\/iconestate.es, el cliente debe ser mayor de edad.<\/p><p>Adem\u00e1s, ser\u00e1 necesario que el cliente se registre en https:\/\/iconestate.es a trav\u00e9s de un formulario de recogida de datos en el que se facilita a ICON ESTATE EST.2008 la informaci\u00f3n necesaria para la contrataci\u00f3n; datos que en todo caso ser\u00e1n verdaderos, exactos y completos sobre su identidad y que el cliente deber\u00e1 dar su consentimiento expreso mediante la aceptaci\u00f3n de la pol\u00edtica de privacidad de ICON ESTATE EST.2008.<\/p><p>Los pasos a seguir para realizar la compra son:<\/p><ol><li>Seleccione la propiedad que desea adquirir y presione el bot\u00f3n que indica | Contacta con nosotros | ..<\/li><li>En caso de que desee comprar o alquilar, agregue ese art\u00edculo al mensaje.<\/li><li>Una vez que tengamos sus solicitudes y opciones deseadas en el mensaje, presione el bot\u00f3n | Enviar | ..<\/li><li>Complete toda la informaci\u00f3n necesaria para realizar la reserva y facturaci\u00f3n.<\/li><li>Indique los datos del comprador o inquilino.<\/li><li>Informar el m\u00e9todo de pago deseado.<\/li><li>Acepte las Condiciones Generales y presione el bot\u00f3n | Enviar | ..<\/li><li>Realice el pago seg\u00fan la opci\u00f3n deseada.<\/li><\/ol><p>El contrato de prestaci\u00f3n de servicios se archivar\u00e1 en papel y en formato inform\u00e1tico.<\/p><p>Tambi\u00e9n se recomienda que el cliente imprima y \/ o guarde una copia duradera de las condiciones de venta al realizar su pedido, as\u00ed como el recibo enviado por ICON ESTATE EST.2008 por correo electr\u00f3nico.<\/p><p>OBSERVACIONES<\/p><p>El contrato de compraventa de la vivienda puede rescindirse si alguna de las partes comete un incumplimiento grave. Se entiende que la entrega tiene lugar, salvo pacto en contrario, con la firma de la escritura p\u00fablica de compraventa. El comprador est\u00e1 obligado a pagar el precio en los t\u00e9rminos pactados y en el lugar pactado en el contrato de compraventa. Adem\u00e1s, el comprador deber\u00e1 obtener la documentaci\u00f3n pertinente del vendedor: c\u00e9dula de habitabilidad, c\u00e9dula energ\u00e9tica y c\u00e9dula de comunidad sobre posibles deudas y comprobar que es correcta, de lo contrario, no puede servir de base para solicitar la rescisi\u00f3n del contrato.<\/p><p>FACTURACI\u00d3N<\/p><p>Junto con su pedido, recibir\u00e1 la factura correspondiente.<\/p><p>Dicha factura se enviar\u00e1 por correo postal.<\/p><p>OBSERVACIONES<\/p><p>El enviado tambi\u00e9n puede ser por correo electr\u00f3nico.<\/p><h2>6. DURACI\u00d3N, RENOVACI\u00d3N Y CANCELACI\u00d3N DEL CONTRATO<\/h2><p><b>DURACI\u00d3N<\/b><\/p><p>Hay dos tipos de contratos: Con exclusividad, con el tiempo acordado por ambas partes. Sin exclusividad, sin vigencia ni cancelaci\u00f3n.<\/p><p><b>RENOVACI\u00d3N<\/b><\/p><p>La renovaci\u00f3n del servicio ser\u00e1 de acuerdo con el acuerdo en el mismo.<\/p><p><b>CANCELACI\u00d3N<\/b><\/p><p>El contrato podr\u00e1 ser cancelado por incumplimiento de las obligaciones a las que est\u00e1 sujeta cada una de las partes.<\/p><h2>7. ENTREGA<\/h2><p><b>SERVICIOS<\/b><\/p><p>La prestaci\u00f3n del servicio se realizar\u00e1 de la siguiente manera:<\/p><p>Una vez que el comprador o arrendatario ha encontrado la propiedad adecuada, y el comprador o arrendatario con y el vendedor \/ arrendador han acordado un precio, se prepara un contrato de reserva. El representante o abogado del propietario y comprador revisa toda la informaci\u00f3n de la propiedad para asegurarse de que todos los permisos y licencias sean correctos y que no haya deudas, cargas, hipotecas, impuestos o inquilinos pendientes sobre la propiedad. Para tener una propiedad en Espa\u00f1a es necesario tener un n\u00famero de identificaci\u00f3n fiscal espa\u00f1ol, conocido como n\u00famero NIE. Compra: El comprador y el vendedor firmar\u00e1n el contrato de compra privada (&#8220;Arras&#8221; u &#8220;Opci\u00f3n de compra&#8221;) y el comprador pagar\u00e1 un dep\u00f3sito del 10% del precio total de venta de la propiedad como parte del saldo final, que se pagar\u00e1 en la fecha de la firma de la escritura p\u00fablica. En la fecha de finalizaci\u00f3n, ambas partes con su representante legal se re\u00fanen en Notario P\u00fablico para firmar la escritura de compraventa. En el momento de la firma en notario, el vendedor recibe el pago del comprador mediante cheque bancario conformado o transferencia bancaria luego de pagar impuestos y tasas. Despu\u00e9s de la reuni\u00f3n, el vendedor entrega las llaves al comprador, quien luego tiene acceso a la propiedad.<\/p><h2>8. PRECIOS, GASTOS E IMPUESTOS<\/h2><p>Los precios de los servicios que se recogen en https:\/\/iconestate.es estar\u00e1n expresados en Euros salvo que se indique lo contrario y estar\u00e1n garantizados mientras dure su vigencia, salvo error de imprenta y cualquiera que sea el destino. De la orden.<\/p><p><b>SERVICIOS<\/b><\/p><p>Los precios finales de todos los servicios, junto con sus caracter\u00edsticas, ofertas, descuentos, etc. quedan reflejados en cada uno de los servicios ofertados e https:\/\/iconestate.es<\/p><ul><li>Los servicios no tienen IVA incluido.<\/li><li>La tasa de IVA es el IVA es para promociones (obra nueva) seg\u00fan normativa vigente.<\/li><li>Otros gastos adicionales: Gastos que puedan derivarse de la compra o adquisici\u00f3n. Tasas de 5% + IVA en compraventa Tasas de alquiler seg\u00fan convenio. Para la venta de nuevas promociones: IVA, Impuestos Legales Documentales, Notario y Registro de la Propiedad, y honorarios de abogados. Plusval\u00eda en caso de reventa.<\/li><\/ul><p>Los precios de los servicios pueden cambiar en cualquier momento. En este caso, el precio a aplicar ser\u00e1 el vigente en la fecha de realizaci\u00f3n del pedido. En todo caso, el coste final ser\u00e1 comunicado al cliente en el proceso de compra electr\u00f3nica antes de que formalice su aceptaci\u00f3n.<\/p><h2>9. FORMAS DE PAGO<\/h2><p>Ponemos a tu disposici\u00f3n estas formas de pago:<\/p><p>A. Por transferencia bancaria<\/p><p>En efectivo o transferencia bancaria a favor de: Entidad: CAJAMAR. N\u00famero de cuenta: . Debe indicar en el momento de realizar la transferencia el nombre del cliente y el n\u00famero de pedido.<\/p><p>OBSERVACIONES<\/p><p>El monto recibido por la reserva de una propiedad mediante la transferencia, formar\u00e1 parte de las comisiones de compra y venta y alquileres o fianzas.<\/p><h2>10. POL\u00cdTICA DE DEVOLUCI\u00d3N Y RETIRO<\/h2><p>Seg\u00fan la normativa, el consumidor y usuario tendr\u00e1 derecho a DESISTIR el contrato por un plazo m\u00e1ximo de 14 d\u00edas naturales sin necesidad de indicar el motivo y sin incurrir en ning\u00fan coste, salvo los previstos en el art. 107.2 y 108 del RD1 \/ 2007, de 16 de noviembre, por el que se aprueba el referido texto de la Ley General para la Defensa de los Consumidores Contadores y Usuarios.<\/p><p>Este derecho de desistimiento no es aplicable entre otros a:<\/p><ul><li>Prestaci\u00f3n de servicios ya ejecutados o iniciados.<\/li><li>Contratos de suministro de bienes cuyo precio est\u00e1 sujeto a fluctuaciones en los coeficientes del mercado financiero que el empresario no puede controlar.<\/li><li>La prestaci\u00f3n de servicios de alojamiento o servicios relacionados con actividades de ocio, si el contrato prev\u00e9 una fecha o per\u00edodo de ejecuci\u00f3n concreto.<\/li><\/ul><h3>SERVICIOS<\/h3><p>El plazo para desistir del contrato de prestaci\u00f3n de servicios es de 14 d\u00edas naturales a partir de la fecha de contrataci\u00f3n, debiendo el usuario informar a ICON ESTATE EST.2008 de su deseo de ejercitar tal derecho, lo cual podr\u00e1 hacerlo mediante la cumplimentaci\u00f3n del formulario que se encuentra en la final de este documento.<\/p><p>El ejercicio del derecho de desistimiento da lugar a la suspensi\u00f3n del servicio.<\/p><p>ICON ESTATE EST.2008 comunicar\u00e1 al consumidor en un soporte duradero un acuse de recibo de dicho desistimiento.<\/p><p>El desistimiento implica que ICON ESTATE EST.2008 proceder\u00e1 a la devoluci\u00f3n del importe ya abonado por el cliente en un plazo m\u00e1ximo de 14 d\u00edas naturales, siguiendo el mismo procedimiento elegido por el cliente para su pago (siempre que el servicio contratado no se encuentre dentro de las excepciones enumeradas anteriormente ).<\/p><p>Una vez recibamos su solicitud, nos pondremos en contacto con el cliente para indicarle los detalles de la devoluci\u00f3n.<\/p><h2>11. RESPONSABILIDAD Y RENUNCIA DE RESPONSABILIDAD<\/h2><p>ICON ESTATE EST.2008 podr\u00e1 suspender, retirar o cancelar parcial o totalmente los servicios objeto de contrataci\u00f3n en cualquier momento y sin necesidad de previo aviso. La disposici\u00f3n anterior no afectar\u00e1 a aquellos servicios que est\u00e9n reservados para usuarios registrados o que est\u00e9n sujetos a contrataci\u00f3n previa y que se regir\u00e1n por sus condiciones particulares.<\/p><p>EXPANSI\u00d3N DE INFORMACI\u00d3N<\/p><p>Las responsabilidades de ambas partes se tomar\u00e1n del acuerdo contractual, incluido en el contrato anterior.<\/p><h2>12. SERVICIO AL CLIENTE Y RECLAMOS<\/h2><p>Para presentar cualquier queja o reclamo ante ICON ESTATE EST.2008<\/p><p>, el cliente deber\u00e1 comunicarse con el departamento de atenci\u00f3n al cliente ya sea en el n\u00famero de tel\u00e9fono 952467910, o bien a trav\u00e9s de la direcci\u00f3n de correo electr\u00f3nico info@iconestate.es<\/p><p>De acuerdo con la Resoluci\u00f3n de disputas en l\u00ednea en materia de consumo de la UE y de acuerdo con el Art. 14.1 del Reglamento (UE) 524\/2013, le informamos que la Comisi\u00f3n Europea proporciona a todos los consumidores una plataforma de resoluci\u00f3n de disputas en l\u00ednea que est\u00e1 disponible en el siguiente enlace: http:\/\/ec.europa.eu\/consumers\/odr\/ .<\/p><p>13. LEGISLACI\u00d3N APLICABLE<\/p><p>Las presentes condiciones se regir\u00e1n por la legislaci\u00f3n espa\u00f1ola vigente.<\/p><p>El idioma utilizado ser\u00e1 el espa\u00f1ol.<\/p><p><a href=\"https:\/\/iconestate.es\/wp-content\/uploads\/2021\/01\/Formulario-de-desistimiento.pdf\" target=\"_blank\" rel=\"noopener\">Formulario de retiro<\/a><\/p><p><a href=\"https:\/\/iconestate.es\/wp-content\/uploads\/2021\/01\/Formulario-de-reclamaciones.pdf\">Formulario de reclamaci\u00f3n<\/a><\/p>\t\t\t\t\t\t\t\t<\/div>\n\t\t\t\t<\/div>\n\t\t\t\t\t<\/div>\n\t\t<\/div>\n\t\t\t\t\t<\/div>\n\t\t<\/section>\n\t\t\t\t<\/div>\n\t\t","protected":false},"excerpt":{"rendered":"<p>CONDICIONES GENERALES OBJETO Las presentes Condiciones Generales regulan la adquisici\u00f3n de los servicios ofrecidos en el sitio web https:\/\/iconestate.es, propiedad de ICON ESTATE EST.2008 (en adelante, ICON ESTATE EST.2008). La adquisici\u00f3n de cualquiera de los servicios conlleva la aceptaci\u00f3n plena y sin reservas de todas y cada una de las Condiciones Generales que se indican, [&hellip;]<\/p>\n","protected":false},"author":1,"featured_media":0,"parent":0,"menu_order":0,"comment_status":"closed","ping_status":"closed","template":"template\/template-homepage.php","meta":{"footnotes":""},"class_list":["post-23754","page","type-page","status-publish","hentry"],"_links":{"self":[{"href":"https:\/\/iconestate.es\/es\/wp-json\/wp\/v2\/pages\/23754","targetHints":{"allow":["GET"]}}],"collection":[{"href":"https:\/\/iconestate.es\/es\/wp-json\/wp\/v2\/pages"}],"about":[{"href":"https:\/\/iconestate.es\/es\/wp-json\/wp\/v2\/types\/page"}],"author":[{"embeddable":true,"href":"https:\/\/iconestate.es\/es\/wp-json\/wp\/v2\/users\/1"}],"replies":[{"embeddable":true,"href":"https:\/\/iconestate.es\/es\/wp-json\/wp\/v2\/comments?post=23754"}],"version-history":[{"count":0,"href":"https:\/\/iconestate.es\/es\/wp-json\/wp\/v2\/pages\/23754\/revisions"}],"wp:attachment":[{"href":"https:\/\/iconestate.es\/es\/wp-json\/wp\/v2\/media?parent=23754"}],"curies":[{"name":"wp","href":"https:\/\/api.w.org\/{rel}","templated":true}]}}